{"id":2007,"date":"2021-10-03T16:01:54","date_gmt":"2021-10-03T16:01:54","guid":{"rendered":"https:\/\/residenciageriatricaterrassa.es\/centro-de-dia\/"},"modified":"2025-11-07T12:07:37","modified_gmt":"2025-11-07T12:07:37","slug":"qui_som","status":"publish","type":"page","link":"https:\/\/residenciageriatricaterrassa.es\/ca\/qui_som\/","title":{"rendered":"Qui som"},"content":{"rendered":"<div class=\"wpb-content-wrapper\"><p>[vc_row css_animation=&#8221;element_from_bottom&#8221; row_type=&#8221;row&#8221; use_row_as_full_screen_section=&#8221;no&#8221; type=&#8221;grid&#8221; angled_section=&#8221;no&#8221; text_align=&#8221;left&#8221; background_image_as_pattern=&#8221;without_pattern&#8221; z_index=&#8221;&#8221;][vc_column][vc_empty_space height=&#8221;120&#8243;][vc_column_text css=&#8221;&#8221;]<\/p>\n<h1 style=\"text-align: center;\"><span style=\"color: #818181;\"><strong>QUI SOM<\/strong><\/span><\/h1>\n<p>[\/vc_column_text][vc_separator type=&#8221;small&#8221; position=&#8221;center&#8221; color=&#8221;#273d68&#8243; thickness=&#8221;1,5&#8243; width=&#8221;20&#8243;][vc_empty_space height=&#8221;50px&#8221;][vc_column_text css=&#8221;&#8221;]<\/p>\n<p data-start=\"139\" data-end=\"468\"><span style=\"color: #333333;\">A <strong><span style=\"color: #ff9800;\">Residencia Geri\u00e0trica Adana<\/span><\/strong>, situada en el cor de Terrassa (Barcelona), ens dediquem a la cura integral de les persones majors en un entorn tranquil, familiar i segur. Som un centre petit i acollidor, la qual cosa ens permet oferir una atenci\u00f3 personalitzada i pr\u00f2xima, adaptada a les necessitats de cada resident.<\/span><\/p>\n<p>&nbsp;<\/p>\n<p data-start=\"470\" data-end=\"756\"><span style=\"color: #333333;\">El nostre equip hum\u00e0 est\u00e0 format per professionals qualificats i compromesos amb el benestar f\u00edsic, emocional i social de les persones majors. Brindem assist\u00e8ncia les 24 hores del dia, garantint la seguretat, el confort i la qualitat de vida dels qui confien en nosaltres.<\/span><\/p>\n<p>&nbsp;<\/p>\n<p data-start=\"758\" data-end=\"1024\"><span style=\"color: #333333;\">A <strong><span style=\"color: #ff9800;\">Adana<\/span><\/strong> creiem que cada persona mereix un tracte \u00fanic. Per aix\u00f2 fomentem un ambient c\u00e0lid i respectu\u00f3s, on els residents se senten com a casa i les seves fam\u00edlies poden gaudir de la tranquil\u00b7litat de saber que els seus sers estimats estan en les millors mans.<\/span><\/p>\n<p>&nbsp;<\/p>\n<p data-start=\"1026\" data-end=\"1317\"><span style=\"color: #333333;\">Gr\u00e0cies a la nostra atenci\u00f3 de qualitat i tracte hum\u00e0, la <strong><span style=\"color: #ff9800;\">Resid\u00e8ncia Geri\u00e0trica Adana<\/span><\/strong> s&#8217;ha consolidat com una de les resid\u00e8ncies de majors m\u00e9s ben valorades a Terrassa, amb una puntuaci\u00f3 mitjana de 4.9 sobre 5, reflex de la confian\u00e7a i satisfacci\u00f3 dels nostres residents i les seves fam\u00edlies.<\/span><\/p>\n<p>[\/vc_column_text][\/vc_column][\/vc_row][vc_row css_animation=&#8221;&#8221; row_type=&#8221;row&#8221; use_row_as_full_screen_section=&#8221;no&#8221; type=&#8221;grid&#8221; angled_section=&#8221;no&#8221; text_align=&#8221;left&#8221; background_image_as_pattern=&#8221;without_pattern&#8221; z_index=&#8221;&#8221;][vc_column][vc_empty_space height=&#8221;50px&#8221;][\/vc_column][\/vc_row][vc_row css_animation=&#8221;element_from_bottom&#8221; row_type=&#8221;row&#8221; use_row_as_full_screen_section=&#8221;no&#8221; type=&#8221;grid&#8221; angled_section=&#8221;no&#8221; text_align=&#8221;left&#8221; background_image_as_pattern=&#8221;without_pattern&#8221; z_index=&#8221;&#8221; css=&#8221;.vc_custom_1761390616272{background-color: #818181 !important;}&#8221;][vc_column][vc_empty_space height=&#8221;50&#8243;][vc_column_text css=&#8221;&#8221;]<\/p>\n<h5 style=\"text-align: center;\"><span style=\"color: #ffffff;\">A Resid\u00e8ncia <span style=\"color: #ff9800;\"><strong>Adana<\/strong>,<\/span> a Terrassa, oferim un entorn familiar i tranquil on les persones grans reben una cura pr\u00f2xima i de qualitat.<\/span><\/h5>\n<p>[\/vc_column_text][vc_empty_space height=&#8221;50&#8243;][\/vc_column][\/vc_row][vc_row css_animation=&#8221;&#8221; row_type=&#8221;row&#8221; use_row_as_full_screen_section=&#8221;no&#8221; type=&#8221;grid&#8221; angled_section=&#8221;no&#8221; text_align=&#8221;left&#8221; background_image_as_pattern=&#8221;without_pattern&#8221; z_index=&#8221;&#8221;][vc_column][vc_empty_space height=&#8221;50px&#8221;][\/vc_column][\/vc_row][vc_row css_animation=&#8221;element_from_bottom&#8221; row_type=&#8221;row&#8221; use_row_as_full_screen_section=&#8221;no&#8221; type=&#8221;grid&#8221; angled_section=&#8221;no&#8221; text_align=&#8221;left&#8221; background_image_as_pattern=&#8221;without_pattern&#8221; z_index=&#8221;&#8221;][vc_column width=&#8221;1\/2&#8243;][vc_single_image image=&#8221;3380&#8243; img_size=&#8221;530X590&#8243; css=&#8221;&#8221; qode_css_animation=&#8221;&#8221; qode_hover_animation=&#8221;zoom_in&#8221;][vc_empty_space height=&#8221;10px&#8221;][\/vc_column][vc_column width=&#8221;1\/2&#8243;][vc_single_image image=&#8221;3344&#8243; img_size=&#8221;530&#215;290&#8243; css=&#8221;&#8221; qode_css_animation=&#8221;&#8221; qode_hover_animation=&#8221;zoom_in&#8221;][vc_empty_space height=&#8221;10px&#8221;][vc_single_image image=&#8221;3338&#8243; img_size=&#8221;530&#215;290&#8243; css=&#8221;&#8221; qode_css_animation=&#8221;&#8221; qode_hover_animation=&#8221;zoom_in&#8221;][vc_empty_space height=&#8221;10px&#8221;][\/vc_column][\/vc_row][vc_row css_animation=&#8221;&#8221; row_type=&#8221;row&#8221; use_row_as_full_screen_section=&#8221;no&#8221; type=&#8221;grid&#8221; angled_section=&#8221;no&#8221; text_align=&#8221;center&#8221; background_image_as_pattern=&#8221;without_pattern&#8221; z_index=&#8221;&#8221;][vc_column][vc_empty_space height=&#8221;50px&#8221;]<a  itemprop=\"url\" href=\"https:\/\/residenciageriatricaterrassa.es\/ca\/instal%c2%b7lacions\/\" target=\"_self\" data-hover-background-color='#FF9800' data-hover-border-color='#FF9800'  class=\"qbutton  center default\" style=\"border-color: #818181; background-color: #818181;\">Coneix les nostres instal\u00b7lacions<\/a>[vc_empty_space height=&#8221;50px&#8221;][\/vc_column][\/vc_row]<\/p>\n<\/div>","protected":false},"excerpt":{"rendered":"<p>[vc_row css_animation=&#8221;element_from_bottom&#8221; row_type=&#8221;row&#8221; use_row_as_full_screen_section=&#8221;no&#8221; type=&#8221;grid&#8221; angled_section=&#8221;no&#8221; text_align=&#8221;left&#8221; background_image_as_pattern=&#8221;without_pattern&#8221; z_index=&#8221;&#8221;][vc_column][vc_empty_space height=&#8221;120&#8243;][vc_column_text css=&#8221;&#8221;] QUI SOM [\/vc_column_text][vc_separator type=&#8221;small&#8221; position=&#8221;center&#8221; color=&#8221;#273d68&#8243; thickness=&#8221;1,5&#8243; width=&#8221;20&#8243;][vc_empty_space height=&#8221;50px&#8221;][vc_column_text css=&#8221;&#8221;] A Residencia Geri\u00e0trica Adana, situada en el cor de Terrassa (Barcelona), ens dediquem a la cura integral de les persones majors en un entorn&#8230;<\/p>\n","protected":false},"author":2,"featured_media":0,"parent":0,"menu_order":0,"comment_status":"closed","ping_status":"closed","template":"full_width.php","meta":{"footnotes":""},"yst_prominent_words":[],"class_list":["post-2007","page","type-page","status-publish","hentry"],"_links":{"self":[{"href":"https:\/\/residenciageriatricaterrassa.es\/ca\/wp-json\/wp\/v2\/pages\/2007","targetHints":{"allow":["GET"]}}],"collection":[{"href":"https:\/\/residenciageriatricaterrassa.es\/ca\/wp-json\/wp\/v2\/pages"}],"about":[{"href":"https:\/\/residenciageriatricaterrassa.es\/ca\/wp-json\/wp\/v2\/types\/page"}],"author":[{"embeddable":true,"href":"https:\/\/residenciageriatricaterrassa.es\/ca\/wp-json\/wp\/v2\/users\/2"}],"replies":[{"embeddable":true,"href":"https:\/\/residenciageriatricaterrassa.es\/ca\/wp-json\/wp\/v2\/comments?post=2007"}],"version-history":[{"count":33,"href":"https:\/\/residenciageriatricaterrassa.es\/ca\/wp-json\/wp\/v2\/pages\/2007\/revisions"}],"predecessor-version":[{"id":3609,"href":"https:\/\/residenciageriatricaterrassa.es\/ca\/wp-json\/wp\/v2\/pages\/2007\/revisions\/3609"}],"wp:attachment":[{"href":"https:\/\/residenciageriatricaterrassa.es\/ca\/wp-json\/wp\/v2\/media?parent=2007"}],"wp:term":[{"taxonomy":"yst_prominent_words","embeddable":true,"href":"https:\/\/residenciageriatricaterrassa.es\/ca\/wp-json\/wp\/v2\/yst_prominent_words?post=2007"}],"curies":[{"name":"wp","href":"https:\/\/api.w.org\/{rel}","templated":true}]}}