{"id":1946,"date":"2021-05-03T17:31:24","date_gmt":"2021-05-03T17:31:24","guid":{"rendered":"https:\/\/residenciageriatricaterrassa.es\/servicios\/"},"modified":"2025-11-07T12:08:54","modified_gmt":"2025-11-07T12:08:54","slug":"serveis","status":"publish","type":"page","link":"https:\/\/residenciageriatricaterrassa.es\/ca\/serveis\/","title":{"rendered":"Serveis"},"content":{"rendered":"<div class=\"wpb-content-wrapper\"><p>[vc_row css_animation=&#8221;element_from_bottom&#8221; row_type=&#8221;row&#8221; use_row_as_full_screen_section=&#8221;no&#8221; type=&#8221;full_width&#8221; angled_section=&#8221;no&#8221; text_align=&#8221;left&#8221; background_image_as_pattern=&#8221;without_pattern&#8221; z_index=&#8221;&#8221;][vc_column][vc_empty_space height=&#8221;120&#8243;][vc_column_text css=&#8221;&#8221;]<\/p>\n<h1 style=\"text-align: center;\"><span style=\"color: #1e5a76;\"><strong><span style=\"color: #818181;\">SERVEIS<\/span><\/strong><\/span><\/h1>\n<p>[\/vc_column_text][vc_separator type=&#8221;small&#8221; position=&#8221;center&#8221; color=&#8221;#818181&#8243; thickness=&#8221;1,5&#8243; width=&#8221;20&#8243;][vc_empty_space height=&#8221;50px&#8221;][\/vc_column][\/vc_row][vc_row css_animation=&#8221;element_from_bottom&#8221; row_type=&#8221;row&#8221; use_row_as_full_screen_section=&#8221;no&#8221; type=&#8221;grid&#8221; angled_section=&#8221;no&#8221; text_align=&#8221;center&#8221; background_image_as_pattern=&#8221;without_pattern&#8221; z_index=&#8221;&#8221;][vc_column][vc_column_text css=&#8221;&#8221;]<\/p>\n<p style=\"text-align: left;\" data-start=\"354\" data-end=\"673\"><span style=\"color: #333333;\">En la <strong><span style=\"color: #ff9800;\">Resid\u00c8ncia Geri\u00c0trica Adana<\/span><\/strong> oferim una atenci\u00f3 integral i personalitzada a les persones majors, adaptant-nos a les necessitats de cada resident. El nostre objectiu \u00e9s garantir el benestar f\u00edsic, emocional i social dels qui confien en nosaltres, en un entorn familiar i segur en el cor de Terrassa.<\/span><\/p>\n<p>&nbsp;<\/p>\n<p style=\"text-align: left;\" data-start=\"675\" data-end=\"971\"><span style=\"color: #333333;\">Comptem amb un equip professional qualificat que treballa de manera coordinada per a oferir una assist\u00e8ncia completa. L&#8217;atenci\u00f3 m\u00e8dica i d&#8217;infermeria est\u00e0 a c\u00e0rrec de l&#8217;equip\u00a0EAR, assegurant un seguiment continu de la salut dels residents i una resposta r\u00e0pida davant qualsevol necessitat.<\/span><\/p>\n<p style=\"text-align: left;\" data-start=\"973\" data-end=\"1271\"><span style=\"color: #333333;\">Entre els nostres principals serveis assistencials s&#8217;inclouen l&#8217;atenci\u00f3 m\u00e8dica, infermeria, psicologia, fisioter\u00e0pia i acompanyament personal. Tots ells estan orientats a mantenir i millorar l&#8217;autonomia de cada persona, fomentant la mobilitat, el benestar emocional i la qualitat de vida.<\/span><\/p>\n<p style=\"text-align: left;\" data-start=\"1273\" data-end=\"1658\"><span style=\"color: #333333;\">A m\u00e9s, en la <strong><span style=\"color: #ff9800;\">Resid\u00c8ncia Geri\u00c0trica Adana<\/span><\/strong> cuidem cada detall del dia a dia, oferint serveis que aporten comoditat i tranquil\u00b7litat tant als residents com a les seves fam\u00edlies. Disposem de perruqueria, podologia, bugaderia, farm\u00e0cia i serveis religiosos, juntament amb un complet programa d&#8217;activitats recreatives i terap\u00e8utiques que afavoreixen la socialitzaci\u00f3 i el bon \u00e0nim.<\/span><\/p>\n<p>&nbsp;<\/p>\n<p style=\"text-align: left;\" data-start=\"1660\" data-end=\"1854\"><span style=\"color: #333333;\">Tamb\u00e9 oferim estades temporals per a aquelles persones majors que necessiten cures durant un per\u00edode determinat, ja sigui per descans familiar, recuperaci\u00f3 o necessitats puntuals<\/span>.<\/p>\n<p>&nbsp;<\/p>\n<p style=\"text-align: left;\" data-start=\"1856\" data-end=\"2089\"><span style=\"color: #333333;\">A <strong><span style=\"color: #ff9800;\">Adana<\/span><\/strong> creiem que cuidar \u00e9s acompanyar, escoltar i oferir un tracte hum\u00e0 i pr\u00f2xim. Per aix\u00f2, cada servei est\u00e0 pensat per a garantir que els nostres residents visquin en un ambient confortable, actiu i ple de qualitat humana.<\/span><\/p>\n<p>[\/vc_column_text][\/vc_column][\/vc_row][vc_row css_animation=&#8221;&#8221; row_type=&#8221;row&#8221; use_row_as_full_screen_section=&#8221;no&#8221; type=&#8221;full_width&#8221; angled_section=&#8221;no&#8221; text_align=&#8221;left&#8221; background_image_as_pattern=&#8221;without_pattern&#8221;][vc_column][vc_empty_space height=&#8221;50px&#8221;][\/vc_column][\/vc_row][vc_row css_animation=&#8221;element_from_bottom&#8221; row_type=&#8221;row&#8221; use_row_as_full_screen_section=&#8221;no&#8221; type=&#8221;grid&#8221; angled_section=&#8221;no&#8221; text_align=&#8221;left&#8221; background_image_as_pattern=&#8221;without_pattern&#8221; z_index=&#8221;&#8221;][vc_column width=&#8221;1\/2&#8243;][vc_single_image image=&#8221;3406&#8243; img_size=&#8221;530X590&#8243; css=&#8221;&#8221; qode_css_animation=&#8221;&#8221;][vc_empty_space height=&#8221;10&#8243;][\/vc_column][vc_column width=&#8221;1\/2&#8243;][vc_single_image image=&#8221;3376&#8243; img_size=&#8221;530&#215;290&#8243; css=&#8221;&#8221; qode_css_animation=&#8221;&#8221;][vc_empty_space height=&#8221;10&#8243;][vc_single_image image=&#8221;3400&#8243; img_size=&#8221;530&#215;290&#8243; css=&#8221;&#8221; qode_css_animation=&#8221;&#8221;][\/vc_column][\/vc_row][vc_row css_animation=&#8221;&#8221; row_type=&#8221;row&#8221; use_row_as_full_screen_section=&#8221;no&#8221; type=&#8221;full_width&#8221; angled_section=&#8221;no&#8221; text_align=&#8221;left&#8221; background_image_as_pattern=&#8221;without_pattern&#8221;][vc_column][vc_empty_space height=&#8221;50px&#8221;][\/vc_column][\/vc_row][vc_row css_animation=&#8221;element_from_bottom&#8221; row_type=&#8221;row&#8221; use_row_as_full_screen_section=&#8221;no&#8221; type=&#8221;grid&#8221; angled_section=&#8221;no&#8221; text_align=&#8221;left&#8221; background_image_as_pattern=&#8221;without_pattern&#8221; css=&#8221;.vc_custom_1761495302247{background-color: #818181 !important;}&#8221; z_index=&#8221;&#8221;][vc_column][vc_empty_space height=&#8221;60&#8243;][vc_column_text css=&#8221;&#8221;]<\/p>\n<div class=\"section-title-wrapper\">\n<h3 class=\"section-title\"><em><strong><span style=\"color: #fff;\">COMPTAR\u00c0 SEMPRE AMB UNA ATENCI\u00d3 PERSONALITZADA I INTEGRAL QUE LI FAR\u00c0 SENTIR-SE CUIDAT I VOLGUT.<\/span><\/strong><\/em><\/h3>\n<\/div>\n<p>[\/vc_column_text][vc_empty_space height=&#8221;60&#8243;][\/vc_column][\/vc_row][vc_row css_animation=&#8221;&#8221; row_type=&#8221;row&#8221; use_row_as_full_screen_section=&#8221;no&#8221; type=&#8221;full_width&#8221; angled_section=&#8221;no&#8221; text_align=&#8221;left&#8221; background_image_as_pattern=&#8221;without_pattern&#8221;][vc_column][vc_empty_space height=&#8221;60&#8243;][\/vc_column][\/vc_row][vc_row css_animation=&#8221;element_from_bottom&#8221; row_type=&#8221;row&#8221; use_row_as_full_screen_section=&#8221;no&#8221; type=&#8221;grid&#8221; angled_section=&#8221;no&#8221; text_align=&#8221;center&#8221; background_image_as_pattern=&#8221;without_pattern&#8221; z_index=&#8221;&#8221;][vc_column css_animation=&#8221;zoomIn&#8221; width=&#8221;1\/3&#8243;]<div class='q_icon_with_title medium custom_icon_image center qode_iwt_hover_enabled '><div class=\"icon_holder \" style=\" \"><img decoding=\"async\" itemprop=\"image\" style=\"\" src=\"https:\/\/residenciageriatricaterrassa.es\/wp-content\/uploads\/2025\/10\/medico.png\" alt=\"\"><\/div><div class=\"icon_text_holder\" style=\"\"><div class=\"icon_text_inner\" style=\"\"><h3 class=\"icon_title\" style=\"color: #818181;font-weight: 400;\">Atenci\u00f3 m\u00e8dica<\/h3><div class=\"separator small left\" style=\"height: 2px;background-color: #818181;width: 20px;margin-bottom: 15px;\"><\/div><p style='color: #000000'>En la Resid\u00e8ncia disposem de servei m\u00e8dic<\/p><\/div><\/div><\/div>[vc_empty_space][\/vc_column][vc_column css_animation=&#8221;zoomIn&#8221; width=&#8221;1\/3&#8243;]<div class='q_icon_with_title medium custom_icon_image center qode_iwt_hover_enabled '><div class=\"icon_holder \" style=\" \"><img decoding=\"async\" itemprop=\"image\" style=\"\" src=\"https:\/\/residenciageriatricaterrassa.es\/wp-content\/uploads\/2025\/10\/enfermera-3.png\" alt=\"\"><\/div><div class=\"icon_text_holder\" style=\"\"><div class=\"icon_text_inner\" style=\"\"><h3 class=\"icon_title\" style=\"color: #818181;font-weight: 400;\">Infermeria<\/h3><div class=\"separator small left\" style=\"height: 2px;background-color: #818181;width: 20px;margin-bottom: 15px;\"><\/div><p style='color: #000000'>Servei d'Infermeria<\/p><\/div><\/div><\/div>[vc_empty_space][\/vc_column][vc_column css_animation=&#8221;zoomIn&#8221; width=&#8221;1\/3&#8243;]<div class='q_icon_with_title medium custom_icon_image center qode_iwt_hover_enabled '><div class=\"icon_holder \" style=\" \"><img decoding=\"async\" itemprop=\"image\" style=\"\" src=\"https:\/\/residenciageriatricaterrassa.es\/wp-content\/uploads\/2025\/10\/rehabilitacion.png\" alt=\"\"><\/div><div class=\"icon_text_holder\" style=\"\"><div class=\"icon_text_inner\" style=\"\"><h3 class=\"icon_title\" style=\"color: #818181;font-weight: 400;\">Fisioter\u00e0pia<\/h3><div class=\"separator small left\" style=\"height: 2px;background-color: #818181;width: 20px;margin-bottom: 15px;\"><\/div><p style='color: #000000'>Servei de Fisioter\u00e0pia personalitzada<\/p><\/div><\/div><\/div>[vc_empty_space][\/vc_column][\/vc_row][vc_row css_animation=&#8221;element_from_bottom&#8221; row_type=&#8221;row&#8221; use_row_as_full_screen_section=&#8221;no&#8221; type=&#8221;grid&#8221; angled_section=&#8221;no&#8221; text_align=&#8221;center&#8221; background_image_as_pattern=&#8221;without_pattern&#8221; z_index=&#8221;&#8221;][vc_column css_animation=&#8221;zoomIn&#8221; width=&#8221;1\/3&#8243;]<div class='q_icon_with_title medium custom_icon_image center qode_iwt_hover_enabled '><div class=\"icon_holder \" style=\" \"><img decoding=\"async\" itemprop=\"image\" style=\"\" src=\"https:\/\/residenciageriatricaterrassa.es\/wp-content\/uploads\/2025\/10\/podologia.png\" alt=\"\"><\/div><div class=\"icon_text_holder\" style=\"\"><div class=\"icon_text_inner\" style=\"\"><h3 class=\"icon_title\" style=\"color: #818181;font-weight: 400;\">Podologia<\/h3><div class=\"separator small left\" style=\"height: 2px;background-color: #818181;width: 20px;margin-bottom: 15px;\"><\/div><p style='color: #000000'>Disposem de servei de podologia<\/p><\/div><\/div><\/div>[vc_empty_space][\/vc_column][vc_column css_animation=&#8221;zoomIn&#8221; width=&#8221;1\/3&#8243;]<div class='q_icon_with_title medium custom_icon_image center qode_iwt_hover_enabled '><div class=\"icon_holder \" style=\" \"><img decoding=\"async\" itemprop=\"image\" style=\"\" src=\"https:\/\/residenciageriatricaterrassa.es\/wp-content\/uploads\/2025\/10\/tijeras.png\" alt=\"\"><\/div><div class=\"icon_text_holder\" style=\"\"><div class=\"icon_text_inner\" style=\"\"><h3 class=\"icon_title\" style=\"color: #818181;font-weight: 400;\">Perruqueria<\/h3><div class=\"separator small left\" style=\"height: 2px;background-color: #818181;width: 20px;margin-bottom: 15px;\"><\/div><p style='color: #000000'>Servei de perruqueria als nostres residents<\/p><\/div><\/div><\/div>[vc_empty_space][\/vc_column][vc_column css_animation=&#8221;zoomIn&#8221; width=&#8221;1\/3&#8243;]<div class='q_icon_with_title medium custom_icon_image center qode_iwt_hover_enabled '><div class=\"icon_holder \" style=\" \"><img decoding=\"async\" itemprop=\"image\" style=\"\" src=\"https:\/\/residenciageriatricaterrassa.es\/wp-content\/uploads\/2025\/10\/Psicologia.png\" alt=\"\"><\/div><div class=\"icon_text_holder\" style=\"\"><div class=\"icon_text_inner\" style=\"\"><h3 class=\"icon_title\" style=\"color: #818181;font-weight: 400;\">Fisioter\u00e0pia<\/h3><div class=\"separator small left\" style=\"height: 2px;background-color: #818181;width: 20px;margin-bottom: 15px;\"><\/div><p style='color: #000000'>Servei de psicologia personalitzat<\/p><\/div><\/div><\/div>[vc_empty_space][\/vc_column][\/vc_row][vc_row css_animation=&#8221;element_from_bottom&#8221; row_type=&#8221;row&#8221; use_row_as_full_screen_section=&#8221;no&#8221; type=&#8221;grid&#8221; angled_section=&#8221;no&#8221; text_align=&#8221;center&#8221; background_image_as_pattern=&#8221;without_pattern&#8221; z_index=&#8221;&#8221;][vc_column css_animation=&#8221;zoomIn&#8221; width=&#8221;1\/3&#8243;]<div class='q_icon_with_title medium custom_icon_image center qode_iwt_hover_enabled '><div class=\"icon_holder \" style=\" \"><img decoding=\"async\" itemprop=\"image\" style=\"\" src=\"https:\/\/residenciageriatricaterrassa.es\/wp-content\/uploads\/2025\/10\/medicamento.png\" alt=\"\"><\/div><div class=\"icon_text_holder\" style=\"\"><div class=\"icon_text_inner\" style=\"\"><h3 class=\"icon_title\" style=\"color: #818181;font-weight: 400;\">Farm\u00e0cia<\/h3><div class=\"separator small left\" style=\"height: 2px;background-color: #818181;width: 20px;margin-bottom: 15px;\"><\/div><p style='color: #000000'>Ens encarreguem del subministrament de la medicaci\u00f3 a tots els nostres usuaris<\/p><\/div><\/div><\/div>[vc_empty_space][\/vc_column][vc_column css_animation=&#8221;zoomIn&#8221; width=&#8221;1\/3&#8243;]<div class='q_icon_with_title medium custom_icon_image center qode_iwt_hover_enabled '><div class=\"icon_holder \" style=\" \"><img decoding=\"async\" itemprop=\"image\" style=\"\" src=\"https:\/\/residenciageriatricaterrassa.es\/wp-content\/uploads\/2025\/10\/lavanderia-3.png\" alt=\"\"><\/div><div class=\"icon_text_holder\" style=\"\"><div class=\"icon_text_inner\" style=\"\"><h3 class=\"icon_title\" style=\"color: #818181;font-weight: 400;\">Bugaderia<\/h3><div class=\"separator small left\" style=\"height: 2px;background-color: #818181;width: 20px;margin-bottom: 15px;\"><\/div><p style='color: #000000'>Servei de Bugaderia propi<\/p><\/div><\/div><\/div>[vc_empty_space][\/vc_column][vc_column css_animation=&#8221;zoomIn&#8221; width=&#8221;1\/3&#8243;]<div class='q_icon_with_title medium custom_icon_image center qode_iwt_hover_enabled '><div class=\"icon_holder \" style=\" \"><img decoding=\"async\" itemprop=\"image\" style=\"\" src=\"https:\/\/residenciageriatricaterrassa.es\/wp-content\/uploads\/2025\/10\/grupo.png\" alt=\"\"><\/div><div class=\"icon_text_holder\" style=\"\"><div class=\"icon_text_inner\" style=\"\"><h3 class=\"icon_title\" style=\"color: #818181;font-weight: 400;\">Acompanyament<\/h3><div class=\"separator small left\" style=\"height: 2px;background-color: #818181;width: 20px;margin-bottom: 15px;\"><\/div><p style='color: #000000'>Servei d'acompanyament als usuaris en consultes externes<\/p><\/div><\/div><\/div>[vc_empty_space][\/vc_column][\/vc_row][vc_row css_animation=&#8221;element_from_bottom&#8221; row_type=&#8221;row&#8221; use_row_as_full_screen_section=&#8221;no&#8221; type=&#8221;grid&#8221; angled_section=&#8221;no&#8221; text_align=&#8221;center&#8221; background_image_as_pattern=&#8221;without_pattern&#8221; z_index=&#8221;&#8221;][vc_column css_animation=&#8221;zoomIn&#8221; width=&#8221;1\/3&#8243;]<div class='q_icon_with_title medium custom_icon_image center qode_iwt_hover_enabled '><div class=\"icon_holder \" style=\" \"><img decoding=\"async\" itemprop=\"image\" style=\"\" src=\"https:\/\/residenciageriatricaterrassa.es\/wp-content\/uploads\/2025\/10\/terapia-ocupacional-1.png\" alt=\"\"><\/div><div class=\"icon_text_holder\" style=\"\"><div class=\"icon_text_inner\" style=\"\"><h3 class=\"icon_title\" style=\"color: #818181;font-weight: 400;\">Programa d'activitats<\/h3><div class=\"separator small left\" style=\"height: 2px;background-color: #818181;width: 20px;margin-bottom: 15px;\"><\/div><p style='color: #000000'>Activitats dirigides pel nostre equip interdisciplinari<\/p><\/div><\/div><\/div>[vc_empty_space][\/vc_column][vc_column css_animation=&#8221;zoomIn&#8221; width=&#8221;1\/3&#8243;]<div class='q_icon_with_title medium custom_icon_image center qode_iwt_hover_enabled '><div class=\"icon_holder \" style=\" \"><img decoding=\"async\" itemprop=\"image\" style=\"\" src=\"https:\/\/residenciageriatricaterrassa.es\/wp-content\/uploads\/2025\/10\/temporal.png\" alt=\"\"><\/div><div class=\"icon_text_holder\" style=\"\"><div class=\"icon_text_inner\" style=\"\"><h3 class=\"icon_title\" style=\"color: #818181;font-weight: 400;\">Estades temporals<\/h3><div class=\"separator small left\" style=\"height: 2px;background-color: #818181;width: 20px;margin-bottom: 15px;\"><\/div><p style='color: #000000'>Oferim la possibilitat d'estades temporals<\/p><\/div><\/div><\/div>[vc_empty_space][\/vc_column][vc_column css_animation=&#8221;zoomIn&#8221; width=&#8221;1\/3&#8243;]<div class='q_icon_with_title medium custom_icon_image center qode_iwt_hover_enabled '><div class=\"icon_holder \" style=\" \"><img decoding=\"async\" itemprop=\"image\" style=\"\" src=\"https:\/\/residenciageriatricaterrassa.es\/wp-content\/uploads\/2025\/10\/cruzar.png\" alt=\"\"><\/div><div class=\"icon_text_holder\" style=\"\"><div class=\"icon_text_inner\" style=\"\"><h3 class=\"icon_title\" style=\"color: #818181;font-weight: 400;\">Servei religi\u00f3s<\/h3><div class=\"separator small left\" style=\"height: 2px;background-color: #818181;width: 20px;margin-bottom: 15px;\"><\/div><p style='color: #000000'>S'ofereix servei religi\u00f3s<\/p><\/div><\/div><\/div>[vc_empty_space][\/vc_column][\/vc_row][vc_row css_animation=&#8221;&#8221; row_type=&#8221;row&#8221; use_row_as_full_screen_section=&#8221;no&#8221; type=&#8221;grid&#8221; angled_section=&#8221;no&#8221; text_align=&#8221;center&#8221; background_image_as_pattern=&#8221;without_pattern&#8221; z_index=&#8221;&#8221;][vc_column][vc_empty_space height=&#8221;50&#8243;]<a  itemprop=\"url\" href=\"https:\/\/residenciageriatricaterrassa.es\/ca\/contacto\/\" target=\"_self\" data-hover-background-color='#FF9800' data-hover-border-color='#FF9800' data-hover-color='#818181' class=\"qbutton  center default\" style=\"border-color: #818181; background-color: #818181;\">Contacta amb nosaltres<\/a>[vc_empty_space height=&#8221;50px&#8221;][\/vc_column][\/vc_row]<\/p>\n<\/div>","protected":false},"excerpt":{"rendered":"<p>[vc_row css_animation=&#8221;element_from_bottom&#8221; row_type=&#8221;row&#8221; use_row_as_full_screen_section=&#8221;no&#8221; type=&#8221;full_width&#8221; angled_section=&#8221;no&#8221; text_align=&#8221;left&#8221; background_image_as_pattern=&#8221;without_pattern&#8221; z_index=&#8221;&#8221;][vc_column][vc_empty_space height=&#8221;120&#8243;][vc_column_text css=&#8221;&#8221;] SERVEIS [\/vc_column_text][vc_separator type=&#8221;small&#8221; position=&#8221;center&#8221; color=&#8221;#818181&#8243; thickness=&#8221;1,5&#8243; width=&#8221;20&#8243;][vc_empty_space height=&#8221;50px&#8221;][\/vc_column][\/vc_row][vc_row css_animation=&#8221;element_from_bottom&#8221; row_type=&#8221;row&#8221; use_row_as_full_screen_section=&#8221;no&#8221; type=&#8221;grid&#8221; angled_section=&#8221;no&#8221; text_align=&#8221;center&#8221; background_image_as_pattern=&#8221;without_pattern&#8221; z_index=&#8221;&#8221;][vc_column][vc_column_text css=&#8221;&#8221;] En la Resid\u00c8ncia Geri\u00c0trica Adana oferim una atenci\u00f3 integral i personalitzada a les persones majors, adaptant-nos a&#8230;<\/p>\n","protected":false},"author":2,"featured_media":3400,"parent":0,"menu_order":0,"comment_status":"closed","ping_status":"closed","template":"full_width.php","meta":{"footnotes":""},"yst_prominent_words":[],"class_list":["post-1946","page","type-page","status-publish","has-post-thumbnail","hentry"],"_links":{"self":[{"href":"https:\/\/residenciageriatricaterrassa.es\/ca\/wp-json\/wp\/v2\/pages\/1946","targetHints":{"allow":["GET"]}}],"collection":[{"href":"https:\/\/residenciageriatricaterrassa.es\/ca\/wp-json\/wp\/v2\/pages"}],"about":[{"href":"https:\/\/residenciageriatricaterrassa.es\/ca\/wp-json\/wp\/v2\/types\/page"}],"author":[{"embeddable":true,"href":"https:\/\/residenciageriatricaterrassa.es\/ca\/wp-json\/wp\/v2\/users\/2"}],"replies":[{"embeddable":true,"href":"https:\/\/residenciageriatricaterrassa.es\/ca\/wp-json\/wp\/v2\/comments?post=1946"}],"version-history":[{"count":26,"href":"https:\/\/residenciageriatricaterrassa.es\/ca\/wp-json\/wp\/v2\/pages\/1946\/revisions"}],"predecessor-version":[{"id":3610,"href":"https:\/\/residenciageriatricaterrassa.es\/ca\/wp-json\/wp\/v2\/pages\/1946\/revisions\/3610"}],"wp:featuredmedia":[{"embeddable":true,"href":"https:\/\/residenciageriatricaterrassa.es\/ca\/wp-json\/wp\/v2\/media\/3400"}],"wp:attachment":[{"href":"https:\/\/residenciageriatricaterrassa.es\/ca\/wp-json\/wp\/v2\/media?parent=1946"}],"wp:term":[{"taxonomy":"yst_prominent_words","embeddable":true,"href":"https:\/\/residenciageriatricaterrassa.es\/ca\/wp-json\/wp\/v2\/yst_prominent_words?post=1946"}],"curies":[{"name":"wp","href":"https:\/\/api.w.org\/{rel}","templated":true}]}}