{"id":1862,"date":"2021-05-05T08:56:08","date_gmt":"2021-05-05T08:56:08","guid":{"rendered":"https:\/\/residenciageriatricaterrassa.es\/instalaciones\/"},"modified":"2025-11-07T11:43:15","modified_gmt":"2025-11-07T11:43:15","slug":"instal%c2%b7lacions","status":"publish","type":"page","link":"https:\/\/residenciageriatricaterrassa.es\/ca\/instal%c2%b7lacions\/","title":{"rendered":"instal\u00b7lacions"},"content":{"rendered":"<div class=\"wpb-content-wrapper\"><p>[vc_row css_animation=&#8221;element_from_bottom&#8221; row_type=&#8221;row&#8221; use_row_as_full_screen_section=&#8221;no&#8221; type=&#8221;full_width&#8221; angled_section=&#8221;no&#8221; text_align=&#8221;left&#8221; background_image_as_pattern=&#8221;without_pattern&#8221; z_index=&#8221;&#8221;][vc_column][vc_empty_space height=&#8221;120&#8243;][vc_column_text css=&#8221;&#8221;]<\/p>\n<h1 style=\"text-align: center;\"><span style=\"color: #818181;\"><strong>INSTAL\u00b7LACIONS<\/strong><\/span><\/h1>\n<p>[\/vc_column_text][vc_separator type=&#8221;small&#8221; position=&#8221;center&#8221; color=&#8221;#818181&#8243; thickness=&#8221;1,5&#8243; width=&#8221;20&#8243;][vc_empty_space height=&#8221;50&#8243;][\/vc_column][\/vc_row][vc_row css_animation=&#8221;element_from_bottom&#8221; row_type=&#8221;row&#8221; use_row_as_full_screen_section=&#8221;no&#8221; type=&#8221;grid&#8221; angled_section=&#8221;no&#8221; text_align=&#8221;center&#8221; background_image_as_pattern=&#8221;without_pattern&#8221; z_index=&#8221;&#8221;][vc_column][vc_column_text css=&#8221;&#8221;]<\/p>\n<p style=\"text-align: left;\" data-start=\"373\" data-end=\"712\"><span style=\"color: #333333;\"><strong><span style=\"color: #ff9800;\">La Resid\u00e8ncia Geri\u00e0trica Adana<\/span><\/strong>, situada al carrer Saragossa de Terrassa, ofereix unes instal\u00b7lacions c\u00f2modes, segures i adaptades per a garantir el benestar de les persones grans. El nostre centre, de car\u00e0cter petit i familiar, est\u00e0 dissenyat per a oferir un ambient tranquil i acollidor on els residents se sentin com a casa.<\/span><\/p>\n<p>&nbsp;<\/p>\n<p style=\"text-align: left;\" data-start=\"714\" data-end=\"1080\"><span style=\"color: #333333;\">Comptem amb capacitat per a 22 residents distribu\u00efts en 9 habitacions dobles, 3 habitacions individuals i 1 habitaci\u00f3 individual amb terrassa privada. Totes les estades s\u00f3n lluminoses, \u00e0mplies i estan equipades per a oferir el m\u00e0xim confort i seguretat, amb mobiliari funcional, bona ventilaci\u00f3 i f\u00e0cil accessibilitat per a persones amb mobilitat redu\u00efda.<\/span><\/p>\n<p>&nbsp;<\/p>\n<p style=\"text-align: left;\" data-start=\"1082\" data-end=\"1431\"><span style=\"color: #333333;\">La resid\u00e8ncia disposa d&#8217;una sala principal \u00e0mplia i lluminosa que actua com a zona comuna, un espai central de conviv\u00e8ncia on els residents poden compartir activitats, conversar o descansar en un entorn agradable. Aquest espai s&#8217;utilitza tant per a activitats terap\u00e8utiques i recreatives com per a moments de descans i trobada familiar.<\/span><\/p>\n<p>&nbsp;<\/p>\n<p style=\"text-align: left;\" data-start=\"1433\" data-end=\"1711\"><span style=\"color: #333333;\">En la primera planta es troba una terrassa exterior, pensada per a gaudir de l&#8217;aire lliure i del clima agradable de Terrassa. A m\u00e9s, el centre compta amb serveis de suport essencials per a la comoditat di\u00e0ria: cuina amb servei de servei d&#8217;\u00e0pats, bugaderia, farm\u00e0cia, perruqueria, podologia i acompanyament. Tot aix\u00f2 complementat amb atenci\u00f3 m\u00e8dica i d&#8217;infermeria a c\u00e0rrec de l&#8217;equip\u00a0EAR, la qual cosa garanteix un entorn integral de cura i salut.<\/span><\/p>\n<p>&nbsp;<\/p>\n<p style=\"text-align: left;\" data-start=\"2037\" data-end=\"2321\"><span style=\"color: #333333;\">Cada rac\u00f3 de la <strong><span style=\"color: #ff9800;\">Resid\u00e8ncia Geri\u00e0trica Adana<\/span><\/strong> ha sido dise\u00f1ado para ofrecer bienestar, accesibilidad y calidad de vida. Nuestro objetivo es que las personas mayores disfruten de un entorno confortable y familiar, donde puedan sentirse seguras, activas y acompa\u00f1adas en su d\u00eda a d\u00eda.<\/span><\/p>\n<p>[\/vc_column_text][vc_empty_space height=&#8221;60px&#8221;][\/vc_column][\/vc_row][vc_row css_animation=&#8221;&#8221; row_type=&#8221;row&#8221; use_row_as_full_screen_section=&#8221;no&#8221; type=&#8221;full_width&#8221; angled_section=&#8221;no&#8221; text_align=&#8221;left&#8221; background_image_as_pattern=&#8221;without_pattern&#8221; css=&#8221;.vc_custom_1761495186956{background-color: #FF9800 !important;}&#8221; z_index=&#8221;&#8221;][vc_column][vc_empty_space height=&#8221;50px&#8221;][vc_column_text css=&#8221;.vc_custom_1762515574481{padding-right: 50px !important;padding-left: 50px !important;}&#8221;]<\/p>\n<h5 style=\"text-align: center;\"><span style=\"color: #ffffff;\">Un espai acollidor, segur i llumin\u00f3s en el cor de Terrassa, dissenyat per a oferir a les persones grans confort, benestar i una atenci\u00f3 pr\u00f2xima en un entorn familiar.<\/span><\/h5>\n<p>[\/vc_column_text][vc_empty_space height=&#8221;50px&#8221;][\/vc_column][\/vc_row][vc_row css_animation=&#8221;element_from_bottom&#8221; row_type=&#8221;row&#8221; use_row_as_full_screen_section=&#8221;no&#8221; type=&#8221;grid&#8221; angled_section=&#8221;no&#8221; text_align=&#8221;center&#8221; background_image_as_pattern=&#8221;without_pattern&#8221; z_index=&#8221;&#8221; css=&#8221;.vc_custom_1761494645887{background-color: #818181 !important;}&#8221;][vc_column][vc_empty_space height=&#8221;60px&#8221;][vc_hoverbox image=&#8221;3400&#8243; primary_title=&#8221;Zones comunes&#8221; primary_title_font_container=&#8221;color:%23000000&#8243; hover_title=&#8221;&#8221; shape=&#8221;square&#8221; hover_background_color=&#8221;custom&#8221; el_width=&#8221;80&#8243; hover_custom_background=&#8221;#ffffff&#8221;]<span style=\"color: #333333;\">La resid\u00e8ncia disposa d&#8217;una sala \u00e0mplia i lluminosa que actua com a zona comuna, on els residents comparteixen activitats i moments de conviv\u00e8ncia. A m\u00e9s, compta amb una terrassa en la primera planta, ideal per a gaudir de l&#8217;aire lliure en un entorn tranquil i familiar.<\/span>[\/vc_hoverbox][vc_empty_space height=&#8221;60px&#8221;][\/vc_column][\/vc_row][vc_row css_animation=&#8221;&#8221; row_type=&#8221;row&#8221; use_row_as_full_screen_section=&#8221;no&#8221; type=&#8221;grid&#8221; angled_section=&#8221;no&#8221; text_align=&#8221;left&#8221; background_image_as_pattern=&#8221;without_pattern&#8221; z_index=&#8221;&#8221; css=&#8221;.vc_custom_1761494653358{background-color: #818181 !important;}&#8221;][vc_column width=&#8221;1\/3&#8243;][vc_empty_space height=&#8221;60&#8243;][vc_single_image image=&#8221;3396&#8243; img_size=&#8221;333&#215;333&#8243; css=&#8221;&#8221; qode_css_animation=&#8221;&#8221; qode_hover_animation=&#8221;zoom_in&#8221;][vc_empty_space height=&#8221;60&#8243;][\/vc_column][vc_column width=&#8221;1\/3&#8243;][vc_empty_space height=&#8221;60&#8243;][vc_single_image image=&#8221;3392&#8243; img_size=&#8221;333&#215;333&#8243; css=&#8221;&#8221; qode_css_animation=&#8221;&#8221; qode_hover_animation=&#8221;zoom_in&#8221;][vc_empty_space height=&#8221;60&#8243;][\/vc_column][vc_column width=&#8221;1\/3&#8243;][vc_empty_space height=&#8221;60&#8243;][vc_single_image image=&#8221;3400&#8243; img_size=&#8221;333&#215;333&#8243; css=&#8221;&#8221; qode_css_animation=&#8221;&#8221; qode_hover_animation=&#8221;zoom_in&#8221;][vc_empty_space height=&#8221;60&#8243;][\/vc_column][\/vc_row][vc_row css_animation=&#8221;element_from_bottom&#8221; row_type=&#8221;row&#8221; use_row_as_full_screen_section=&#8221;no&#8221; type=&#8221;grid&#8221; angled_section=&#8221;no&#8221; text_align=&#8221;center&#8221; background_image_as_pattern=&#8221;without_pattern&#8221; z_index=&#8221;&#8221; css=&#8221;.vc_custom_1761394182486{background-color: #818181 !important;}&#8221; el_class=&#8221;habitaciones_hbox&#8221;][vc_column][vc_empty_space height=&#8221;60px&#8221;][vc_hoverbox image=&#8221;3354&#8243; primary_title=&#8221;Habitacions&#8221; primary_title_font_container=&#8221;color:%23000000&#8243; hover_title=&#8221;&#8221; shape=&#8221;square&#8221; hover_background_color=&#8221;custom&#8221; hover_custom_background=&#8221;#ffffff&#8221;]<span style=\"color: #333333;\">La resid\u00e8ncia disposa de 9 habitacions dobles, 3 habitacions individuals i 1 habitaci\u00f3 individual amb terrassa. Totes s\u00f3n lluminoses, confortables i estan adaptades per a garantir la seguretat i el benestar dels residents, oferint un entorn tranquil i acollidor.<\/span>[\/vc_hoverbox][vc_empty_space height=&#8221;60px&#8221;][\/vc_column][\/vc_row][vc_row css_animation=&#8221;&#8221; row_type=&#8221;row&#8221; use_row_as_full_screen_section=&#8221;no&#8221; type=&#8221;grid&#8221; angled_section=&#8221;no&#8221; text_align=&#8221;left&#8221; background_image_as_pattern=&#8221;without_pattern&#8221; z_index=&#8221;&#8221; css=&#8221;.vc_custom_1761494733194{background-color: #818181 !important;}&#8221;][vc_column width=&#8221;1\/3&#8243;][vc_empty_space height=&#8221;60&#8243;][vc_single_image image=&#8221;3368&#8243; img_size=&#8221;333&#215;333&#8243; css=&#8221;&#8221; qode_css_animation=&#8221;&#8221; qode_hover_animation=&#8221;zoom_in&#8221;][vc_empty_space height=&#8221;60&#8243;][\/vc_column][vc_column width=&#8221;1\/3&#8243;][vc_empty_space height=&#8221;60&#8243;][vc_single_image image=&#8221;3370&#8243; img_size=&#8221;333&#215;333&#8243; css=&#8221;&#8221; qode_css_animation=&#8221;&#8221; qode_hover_animation=&#8221;zoom_in&#8221;][vc_empty_space height=&#8221;60&#8243;][\/vc_column][vc_column width=&#8221;1\/3&#8243;][vc_empty_space height=&#8221;60&#8243;][vc_single_image image=&#8221;3362&#8243; img_size=&#8221;333&#215;333&#8243; css=&#8221;&#8221; qode_css_animation=&#8221;&#8221; qode_hover_animation=&#8221;zoom_in&#8221;][vc_empty_space height=&#8221;60&#8243;][\/vc_column][\/vc_row][vc_row css_animation=&#8221;element_from_bottom&#8221; row_type=&#8221;row&#8221; use_row_as_full_screen_section=&#8221;no&#8221; type=&#8221;grid&#8221; angled_section=&#8221;no&#8221; text_align=&#8221;center&#8221; background_image_as_pattern=&#8221;without_pattern&#8221; z_index=&#8221;&#8221; css=&#8221;.vc_custom_1761394193082{background-color: #818181 !important;}&#8221;][vc_column][vc_empty_space height=&#8221;60px&#8221;][vc_hoverbox image=&#8221;3338&#8243; primary_title=&#8221;Entorn&#8221; primary_title_font_container=&#8221;color:%23000000&#8243; hover_title=&#8221;&#8221; shape=&#8221;square&#8221; hover_background_color=&#8221;custom&#8221; el_width=&#8221;80&#8243; hover_custom_background=&#8221;#ffffff&#8221;]<strong><span style=\"color: #ff9800;\">La Resid\u00e8ncia Geri\u00e0trica Adana<\/span><\/strong> <span style=\"color: #333333;\">es troba en una zona tranquil\u00b7la de Terrassa, ben comunicada i amb f\u00e0cil acc\u00e9s per a familiars i visites. El seu entorn ofereix un ambient afable i segur, ideal per al descans i la qualitat de vida de les persones majors.<\/span>[\/vc_hoverbox][vc_empty_space height=&#8221;60px&#8221;][\/vc_column][\/vc_row][vc_row css_animation=&#8221;&#8221; row_type=&#8221;row&#8221; use_row_as_full_screen_section=&#8221;no&#8221; type=&#8221;grid&#8221; angled_section=&#8221;no&#8221; text_align=&#8221;left&#8221; background_image_as_pattern=&#8221;without_pattern&#8221; z_index=&#8221;&#8221; css=&#8221;.vc_custom_1761494724295{background-color: #818181 !important;}&#8221;][vc_column width=&#8221;1\/3&#8243;][vc_empty_space height=&#8221;60&#8243;][vc_single_image image=&#8221;3338&#8243; img_size=&#8221;333&#215;333&#8243; css=&#8221;&#8221; qode_css_animation=&#8221;&#8221; qode_hover_animation=&#8221;zoom_in&#8221;][vc_empty_space height=&#8221;60&#8243;][\/vc_column][vc_column width=&#8221;1\/3&#8243;][vc_empty_space height=&#8221;60&#8243;][vc_single_image image=&#8221;3342&#8243; img_size=&#8221;333&#215;333&#8243; css=&#8221;&#8221; qode_css_animation=&#8221;&#8221; qode_hover_animation=&#8221;zoom_in&#8221;][vc_empty_space height=&#8221;60&#8243;][\/vc_column][vc_column width=&#8221;1\/3&#8243;][vc_empty_space height=&#8221;60&#8243;][vc_single_image image=&#8221;3336&#8243; img_size=&#8221;333&#215;333&#8243; css=&#8221;&#8221; qode_css_animation=&#8221;&#8221; qode_hover_animation=&#8221;zoom_in&#8221;][vc_empty_space height=&#8221;60&#8243;][\/vc_column][\/vc_row][vc_row css_animation=&#8221;element_from_bottom&#8221; row_type=&#8221;row&#8221; use_row_as_full_screen_section=&#8221;no&#8221; type=&#8221;grid&#8221; angled_section=&#8221;no&#8221; text_align=&#8221;center&#8221; background_image_as_pattern=&#8221;without_pattern&#8221; z_index=&#8221;&#8221; css=&#8221;.vc_custom_1761494716479{background-color: #818181 !important;}&#8221;][vc_column][vc_empty_space height=&#8221;60px&#8221;][vc_hoverbox image=&#8221;3334&#8243; primary_title=&#8221;Cuina&#8221; primary_title_font_container=&#8221;color:%23000000&#8243; hover_title=&#8221;&#8221; shape=&#8221;square&#8221; hover_background_color=&#8221;custom&#8221; el_width=&#8221;80&#8243; hover_custom_background=&#8221;#ffffff&#8221;]<span style=\"color: #333333;\">La resid\u00e8ncia compta amb servei de cuina mitjan\u00e7ant servei d&#8217;\u00e0pats, amb men\u00fas equilibrats i adaptats a les necessitats nutricionals de cada resident. Els menjars es preparen amb productes de qualitat i supervisi\u00f3 professional, garantint una alimentaci\u00f3 saludable i variada cada dia.<\/span>[\/vc_hoverbox][vc_empty_space height=&#8221;60px&#8221;][\/vc_column][\/vc_row][vc_row css_animation=&#8221;&#8221; row_type=&#8221;row&#8221; use_row_as_full_screen_section=&#8221;no&#8221; type=&#8221;full_width&#8221; angled_section=&#8221;no&#8221; text_align=&#8221;center&#8221; background_image_as_pattern=&#8221;without_pattern&#8221; z_index=&#8221;&#8221; css=&#8221;.vc_custom_1761394201318{background-color: #818181 !important;}&#8221;][vc_column][vc_empty_space]<a  itemprop=\"url\" href=\"https:\/\/residenciageriatricaterrassa.es\/servicios\/\" target=\"_self\" data-hover-background-color='#FF9800' data-hover-border-color='#FF9800' data-hover-color='#ffffff' class=\"qbutton  default\" style=\"color: #ffffff; border-color: #818181; background-color: #818181;\">Veure serveis<span aria-hidden=\"true\" class=\"qode_icon_font_elegant arrow_carrot-2right qode_button_icon_element\" style=\"\" ><\/span><\/a>[vc_empty_space height=&#8221;60px&#8221;][\/vc_column][\/vc_row]<\/p>\n<\/div>","protected":false},"excerpt":{"rendered":"<p>[vc_row css_animation=&#8221;element_from_bottom&#8221; row_type=&#8221;row&#8221; use_row_as_full_screen_section=&#8221;no&#8221; type=&#8221;full_width&#8221; angled_section=&#8221;no&#8221; text_align=&#8221;left&#8221; background_image_as_pattern=&#8221;without_pattern&#8221; z_index=&#8221;&#8221;][vc_column][vc_empty_space height=&#8221;120&#8243;][vc_column_text css=&#8221;&#8221;] INSTAL\u00b7LACIONS [\/vc_column_text][vc_separator type=&#8221;small&#8221; position=&#8221;center&#8221; color=&#8221;#818181&#8243; thickness=&#8221;1,5&#8243; width=&#8221;20&#8243;][vc_empty_space height=&#8221;50&#8243;][\/vc_column][\/vc_row][vc_row css_animation=&#8221;element_from_bottom&#8221; row_type=&#8221;row&#8221; use_row_as_full_screen_section=&#8221;no&#8221; type=&#8221;grid&#8221; angled_section=&#8221;no&#8221; text_align=&#8221;center&#8221; background_image_as_pattern=&#8221;without_pattern&#8221; z_index=&#8221;&#8221;][vc_column][vc_column_text css=&#8221;&#8221;] La Resid\u00e8ncia Geri\u00e0trica Adana, situada al carrer Saragossa de Terrassa, ofereix unes instal\u00b7lacions c\u00f2modes, segures i adaptades&#8230;<\/p>\n","protected":false},"author":2,"featured_media":0,"parent":0,"menu_order":0,"comment_status":"closed","ping_status":"closed","template":"full_width.php","meta":{"footnotes":""},"yst_prominent_words":[],"class_list":["post-1862","page","type-page","status-publish","hentry"],"_links":{"self":[{"href":"https:\/\/residenciageriatricaterrassa.es\/ca\/wp-json\/wp\/v2\/pages\/1862","targetHints":{"allow":["GET"]}}],"collection":[{"href":"https:\/\/residenciageriatricaterrassa.es\/ca\/wp-json\/wp\/v2\/pages"}],"about":[{"href":"https:\/\/residenciageriatricaterrassa.es\/ca\/wp-json\/wp\/v2\/types\/page"}],"author":[{"embeddable":true,"href":"https:\/\/residenciageriatricaterrassa.es\/ca\/wp-json\/wp\/v2\/users\/2"}],"replies":[{"embeddable":true,"href":"https:\/\/residenciageriatricaterrassa.es\/ca\/wp-json\/wp\/v2\/comments?post=1862"}],"version-history":[{"count":24,"href":"https:\/\/residenciageriatricaterrassa.es\/ca\/wp-json\/wp\/v2\/pages\/1862\/revisions"}],"predecessor-version":[{"id":3606,"href":"https:\/\/residenciageriatricaterrassa.es\/ca\/wp-json\/wp\/v2\/pages\/1862\/revisions\/3606"}],"wp:attachment":[{"href":"https:\/\/residenciageriatricaterrassa.es\/ca\/wp-json\/wp\/v2\/media?parent=1862"}],"wp:term":[{"taxonomy":"yst_prominent_words","embeddable":true,"href":"https:\/\/residenciageriatricaterrassa.es\/ca\/wp-json\/wp\/v2\/yst_prominent_words?post=1862"}],"curies":[{"name":"wp","href":"https:\/\/api.w.org\/{rel}","templated":true}]}}